{"id":6408,"date":"2021-05-26T22:54:13","date_gmt":"2021-05-26T19:54:13","guid":{"rendered":"https:\/\/www.blackgiraffe.ee\/toode\/blablabla-hoodie-with-mickey\/"},"modified":"2023-08-31T22:32:13","modified_gmt":"2023-08-31T19:32:13","slug":"taltsutamatu","status":"publish","type":"product","link":"https:\/\/www.blackgiraffe.ee\/en\/product\/taltsutamatu\/","title":{"rendered":"TALTSUTAMATU soe puuvillast pusa"},"content":{"rendered":"<p>L\u00f5ik raamatust &#8220;Taltsutamatu&#8221;<\/p>\n<p>Tish sosistas mulle: \u201eEmme. Ta muutus j\u00e4lle metsikuks.\u201c<\/p>\n<p>Noogutasin Tishi poole ja hoidsin pilgu Tabithal, kui ta muudkui edasi r\u00fchkis. Oleksin soovinud temalt k\u00fcsida: \u201eMis su sees praegu toimub?\u201c<\/p>\n<p>Teadsin, mida gepard mulle oleks vastanud. Ta oleks \u00f6elnud: \u201eMu elus on midagi <em>lahti<\/em>. Tunnen rahutust ja pettumust. Mu instinkt \u00fctleb, et k\u00f5ik peaks olema ilusam kui see siin. Ma kujutan ette avaraid tarastamata savanne. Igatsen vabalt ringi joosta, jahti pidada ja tappa. Tahan magada vaikse, t\u00e4hti t\u00e4is tintmusta taeva all. <em>See k<\/em><em>\u00f5<\/em><em>ik on nii t<\/em><em>\u00f5<\/em><em>eline, et ma v<\/em><em>\u00f5<\/em><em>in seda lausa maitsta<\/em>.\u201c<\/p>\n<p>Siis heidaks ta pilgu puurile, ainsale kodule, mida ta kunagi on teadnud. Ta vaataks naeratavaid loomatalitajaid, t\u00fcdinud publikut ja \u00e4hkivat, karglevat, anuvat parimat s\u00f5pra labradori.<\/p>\n<p>Tabitha ohkaks ja \u00fctleks: \u201ePeaksin olema t\u00e4nulik. Mul on siin t\u00e4itsa hea elu. Hullumeelsus on igatseda seda, mida pole olemaski.\u201c<\/p>\n","protected":false},"excerpt":{"rendered":"<p><b>Koost\u00f6\u00f6s Helios kirjastusega valminud TALTSUTAMATU pusa, mis on suurep\u00e4rane kaaslane just ilmunud raamatule &#8220;Taltsutamatu&#8221; -Glennon Doyle. <\/b><\/p>\n<p>Oleme sinna peitnud mitmeid salas\u00f5numid, et ikka ja j\u00e4lle m\u00f5istaksid, kui tugev, suurep\u00e4rane ja imeline Sa oled.<\/p>\n<p>&nbsp;<\/p>\n","protected":false},"featured_media":7145,"comment_status":"open","ping_status":"closed","template":"","meta":{"site-sidebar-layout":"default","site-content-layout":"default","ast-site-content-layout":"default","site-content-style":"default","site-sidebar-style":"default","ast-global-header-display":"","ast-banner-title-visibility":"","ast-main-header-display":"","ast-hfb-above-header-display":"","ast-hfb-below-header-display":"","ast-hfb-mobile-header-display":"","site-post-title":"","ast-breadcrumbs-content":"","ast-featured-img":"","footer-sml-layout":"","ast-disable-related-posts":"","theme-transparent-header-meta":"default","adv-header-id-meta":"","stick-header-meta":"default","header-above-stick-meta":"","header-main-stick-meta":"","header-below-stick-meta":"","astra-migrate-meta-layouts":"default","ast-page-background-enabled":"default","ast-page-background-meta":{"desktop":{"background-color":"","background-image":"","background-repeat":"repeat","background-position":"center center","background-size":"auto","background-attachment":"scroll","background-type":"","background-media":"","overlay-type":"","overlay-color":"","overlay-opacity":"","overlay-gradient":""},"tablet":{"background-color":"","background-image":"","background-repeat":"repeat","background-position":"center center","background-size":"auto","background-attachment":"scroll","background-type":"","background-media":"","overlay-type":"","overlay-color":"","overlay-opacity":"","overlay-gradient":""},"mobile":{"background-color":"","background-image":"","background-repeat":"repeat","background-position":"center center","background-size":"auto","background-attachment":"scroll","background-type":"","background-media":"","overlay-type":"","overlay-color":"","overlay-opacity":"","overlay-gradient":""}},"ast-content-background-meta":{"desktop":{"background-color":"var(--ast-global-color-5)","background-image":"","background-repeat":"repeat","background-position":"center center","background-size":"auto","background-attachment":"scroll","background-type":"","background-media":"","overlay-type":"","overlay-color":"","overlay-opacity":"","overlay-gradient":""},"tablet":{"background-color":"var(--ast-global-color-5)","background-image":"","background-repeat":"repeat","background-position":"center center","background-size":"auto","background-attachment":"scroll","background-type":"","background-media":"","overlay-type":"","overlay-color":"","overlay-opacity":"","overlay-gradient":""},"mobile":{"background-color":"var(--ast-global-color-5)","background-image":"","background-repeat":"repeat","background-position":"center center","background-size":"auto","background-attachment":"scroll","background-type":"","background-media":"","overlay-type":"","overlay-color":"","overlay-opacity":"","overlay-gradient":""}}},"product_brand":[],"product_cat":[1014,209,210,1009],"product_tag":[1013,1010],"class_list":{"0":"post-6408","1":"product","2":"type-product","3":"status-publish","4":"has-post-thumbnail","6":"product_cat-girlfriend","7":"product_cat-women","8":"product_cat-hoodies-hotmama","9":"product_cat-for-a-friend","10":"product_tag-special-moments","11":"product_tag-funny-quotes","12":"desktop-align-left","13":"tablet-align-left","14":"mobile-align-left","15":"ast-product-gallery-layout-horizontal-slider","16":"ast-magnify-disabled","17":"ast-product-single-variable","18":"ast-product-tabs-layout-horizontal","20":"first","21":"instock","22":"taxable","23":"shipping-taxable","24":"purchasable","25":"product-type-variable"},"_links":{"self":[{"href":"https:\/\/www.blackgiraffe.ee\/en\/wp-json\/wp\/v2\/product\/6408","targetHints":{"allow":["GET"]}}],"collection":[{"href":"https:\/\/www.blackgiraffe.ee\/en\/wp-json\/wp\/v2\/product"}],"about":[{"href":"https:\/\/www.blackgiraffe.ee\/en\/wp-json\/wp\/v2\/types\/product"}],"replies":[{"embeddable":true,"href":"https:\/\/www.blackgiraffe.ee\/en\/wp-json\/wp\/v2\/comments?post=6408"}],"wp:featuredmedia":[{"embeddable":true,"href":"https:\/\/www.blackgiraffe.ee\/en\/wp-json\/wp\/v2\/media\/7145"}],"wp:attachment":[{"href":"https:\/\/www.blackgiraffe.ee\/en\/wp-json\/wp\/v2\/media?parent=6408"}],"wp:term":[{"taxonomy":"product_brand","embeddable":true,"href":"https:\/\/www.blackgiraffe.ee\/en\/wp-json\/wp\/v2\/product_brand?post=6408"},{"taxonomy":"product_cat","embeddable":true,"href":"https:\/\/www.blackgiraffe.ee\/en\/wp-json\/wp\/v2\/product_cat?post=6408"},{"taxonomy":"product_tag","embeddable":true,"href":"https:\/\/www.blackgiraffe.ee\/en\/wp-json\/wp\/v2\/product_tag?post=6408"}],"curies":[{"name":"wp","href":"https:\/\/api.w.org\/{rel}","templated":true}]}}