{"id":29466,"date":"2024-04-08T06:47:48","date_gmt":"2024-04-08T03:47:48","guid":{"rendered":"https:\/\/www.blackgiraffe.ee\/?post_type=product&#038;p=29466"},"modified":"2024-12-16T12:11:47","modified_gmt":"2024-12-16T09:11:47","slug":"my-hometown-parnu-by-rudolf","status":"publish","type":"product","link":"https:\/\/www.blackgiraffe.ee\/en\/product\/my-hometown-parnu-by-rudolf\/","title":{"rendered":"My hometown P\u00e4rnu by Rudolf"},"content":{"rendered":"<p>In March, Black Giraffe Brand together with the city of P\u00e4rnu invited all children aged 5-15 in P\u00e4rnu and P\u00e4rnu County to send us drawings of P\u00e4rnu and everything related to it. The contest turned out to be so popular and we received nearly 300 super cool drawings where the children depicted their hometown &#8211; elephants, streets, playgrounds, the beach and much, much more.<\/p>\n<p>Among the 20 finalists, the public chose 5 winning works. Rudolf didn&#8217;t turn out to be the winner, but his brilliant P\u00e4rnu Munam\u00e4gi really touched our hearts and that&#8217;s why we decided to make a special T-shirt and hoodie from his drawing \ud83d\ude42<\/p>\n<p>The winning drawing will be made into a very special collection &#8220;My P\u00e4rnu&#8221; and we are honored to present 9-year-old Rudolf and his P\u00e4rnu MUNAM\u00c4GI (Eggmountain)<\/p>\n<p>A t-shirt made of organic cotton that is pleasantly soft on your skin and made with respect for both the wearer and nature.<\/p>\n<p>Don&#8217;t forget that we can package your order as a <strong style=\"font-size: 16px;\"><a href=\"https:\/\/www.blackgiraffe.ee\/toode\/toote-pakkimine-kingitusena\/\">gift<\/a> <\/strong>if you wish!<\/p>\n<p>&nbsp;<\/p>\n","protected":false},"excerpt":{"rendered":"<p>The &#8220;Minu P\u00e4rnu&#8221; collection through the eyes of children is in front of you! 9-year-old Rudolf and his P\u00e4rnu EGG MOUNTAIN.<\/p>\n<p>Our printed t-shirts are all oversized, made from soft organic cotton and always have a little secret message hidden inside the shirt.<br \/>\nIf you want to change the secret message, write it in the notes!<\/p>\n<p>To make sure the product fits, check the size chart!<\/p>\n<p>Read more about the product features in the additional information.<\/p>\n","protected":false},"featured_media":29511,"comment_status":"open","ping_status":"closed","template":"","meta":{"site-sidebar-layout":"default","site-content-layout":"default","ast-site-content-layout":"default","site-content-style":"default","site-sidebar-style":"default","ast-global-header-display":"","ast-banner-title-visibility":"","ast-main-header-display":"","ast-hfb-above-header-display":"","ast-hfb-below-header-display":"","ast-hfb-mobile-header-display":"","site-post-title":"","ast-breadcrumbs-content":"","ast-featured-img":"","footer-sml-layout":"","ast-disable-related-posts":"","theme-transparent-header-meta":"default","adv-header-id-meta":"","stick-header-meta":"default","header-above-stick-meta":"","header-main-stick-meta":"","header-below-stick-meta":"","astra-migrate-meta-layouts":"set","ast-page-background-enabled":"default","ast-page-background-meta":{"desktop":{"background-color":"","background-image":"","background-repeat":"repeat","background-position":"center center","background-size":"auto","background-attachment":"scroll","background-type":"","background-media":"","overlay-type":"","overlay-color":"","overlay-opacity":"","overlay-gradient":""},"tablet":{"background-color":"","background-image":"","background-repeat":"repeat","background-position":"center center","background-size":"auto","background-attachment":"scroll","background-type":"","background-media":"","overlay-type":"","overlay-color":"","overlay-opacity":"","overlay-gradient":""},"mobile":{"background-color":"","background-image":"","background-repeat":"repeat","background-position":"center center","background-size":"auto","background-attachment":"scroll","background-type":"","background-media":"","overlay-type":"","overlay-color":"","overlay-opacity":"","overlay-gradient":""}},"ast-content-background-meta":{"desktop":{"background-color":"var(--ast-global-color-5)","background-image":"","background-repeat":"repeat","background-position":"center center","background-size":"auto","background-attachment":"scroll","background-type":"","background-media":"","overlay-type":"","overlay-color":"","overlay-opacity":"","overlay-gradient":""},"tablet":{"background-color":"var(--ast-global-color-5)","background-image":"","background-repeat":"repeat","background-position":"center center","background-size":"auto","background-attachment":"scroll","background-type":"","background-media":"","overlay-type":"","overlay-color":"","overlay-opacity":"","overlay-gradient":""},"mobile":{"background-color":"var(--ast-global-color-5)","background-image":"","background-repeat":"repeat","background-position":"center center","background-size":"auto","background-attachment":"scroll","background-type":"","background-media":"","overlay-type":"","overlay-color":"","overlay-opacity":"","overlay-gradient":""}}},"product_brand":[],"product_cat":[211,206,208,209],"product_tag":[],"class_list":{"0":"post-29466","1":"product","2":"type-product","3":"status-publish","4":"has-post-thumbnail","6":"product_cat-t-shirts","7":"product_cat-men","8":"product_cat-shirts-hotdad","9":"product_cat-women","10":"desktop-align-left","11":"tablet-align-left","12":"mobile-align-left","13":"ast-product-gallery-layout-horizontal-slider","14":"ast-magnify-disabled","15":"ast-product-single-variable","16":"ast-product-tabs-layout-horizontal","18":"first","19":"instock","20":"taxable","21":"shipping-taxable","22":"purchasable","23":"product-type-variable"},"_links":{"self":[{"href":"https:\/\/www.blackgiraffe.ee\/en\/wp-json\/wp\/v2\/product\/29466","targetHints":{"allow":["GET"]}}],"collection":[{"href":"https:\/\/www.blackgiraffe.ee\/en\/wp-json\/wp\/v2\/product"}],"about":[{"href":"https:\/\/www.blackgiraffe.ee\/en\/wp-json\/wp\/v2\/types\/product"}],"replies":[{"embeddable":true,"href":"https:\/\/www.blackgiraffe.ee\/en\/wp-json\/wp\/v2\/comments?post=29466"}],"wp:featuredmedia":[{"embeddable":true,"href":"https:\/\/www.blackgiraffe.ee\/en\/wp-json\/wp\/v2\/media\/29511"}],"wp:attachment":[{"href":"https:\/\/www.blackgiraffe.ee\/en\/wp-json\/wp\/v2\/media?parent=29466"}],"wp:term":[{"taxonomy":"product_brand","embeddable":true,"href":"https:\/\/www.blackgiraffe.ee\/en\/wp-json\/wp\/v2\/product_brand?post=29466"},{"taxonomy":"product_cat","embeddable":true,"href":"https:\/\/www.blackgiraffe.ee\/en\/wp-json\/wp\/v2\/product_cat?post=29466"},{"taxonomy":"product_tag","embeddable":true,"href":"https:\/\/www.blackgiraffe.ee\/en\/wp-json\/wp\/v2\/product_tag?post=29466"}],"curies":[{"name":"wp","href":"https:\/\/api.w.org\/{rel}","templated":true}]}}