{"id":21141,"date":"2023-03-26T08:51:11","date_gmt":"2023-03-26T05:51:11","guid":{"rendered":"https:\/\/www.blackgiraffe.ee\/?post_type=product&#038;p=21141"},"modified":"2025-08-17T14:02:15","modified_gmt":"2025-08-17T11:02:15","slug":"good-job-mom-a-message-t-shirt-for-mothers-day","status":"publish","type":"product","link":"https:\/\/www.blackgiraffe.ee\/en\/product\/good-job-mom-a-message-t-shirt-for-mothers-day\/","title":{"rendered":"Good job mom &#8211; a message t-shirt for Mother&#8217;s Day."},"content":{"rendered":"<p>For all those looking for a lovely gift for their dear mom &#8211; our 100% organic cotton soft t-shirt with a big heart and an important message &#8211;<\/p>\n<p>Mom,<br \/>\ngood job.<br \/>\nI turned out perfectly.<\/p>\n<p>If you would like to include secret message inside the t-shirt, which will be visible only to the wearer, please make a note \ud83d\ude42<\/p>\n<p>Its a oversize model, if you have doubts what size to choose, please check size cart here \u2013 <strong><a href=\"https:\/\/www.blackgiraffe.ee\/en\/measurements-and-ordering-information\/\">measurements and ordering<\/a><\/strong><\/p>\n<p>We have gathered all our Mother&#8217;s Day offers on one page &#8211; <a href=\"https:\/\/www.blackgiraffe.ee\/en\/product-category\/women\/gift-ideas-for-hot-mamas\/\">.<\/a><\/p>\n","protected":false},"excerpt":{"rendered":"<p><strong>Mom,<\/strong><br \/>\n<strong>good job. <\/strong><br \/>\n<strong>I turned out perfectly.<\/strong><\/p>\n<p>A gift idea for the best mother in the world.<\/p>\n<p>Are you struggling to find a gift for mom? Let us help Allow us to make her hers new favourite shirt!<\/p>\n<p>Meie t-s\u00e4rgid on k\u00f5ik oversize l\u00f5ikega, pehmest orgaanilisest puuvillast, alati on s\u00e4rgi sisse peidetud pisike salas\u00f5num ja lisaks \u00fcks pisike s\u00f5num kuklale. If you want to choose them yourself, let us know about them in the comments.<\/p>\n<p>&nbsp;<\/p>\n","protected":false},"featured_media":21162,"comment_status":"open","ping_status":"closed","template":"","meta":{"site-sidebar-layout":"default","site-content-layout":"default","ast-site-content-layout":"default","site-content-style":"default","site-sidebar-style":"default","ast-global-header-display":"","ast-banner-title-visibility":"","ast-main-header-display":"","ast-hfb-above-header-display":"","ast-hfb-below-header-display":"","ast-hfb-mobile-header-display":"","site-post-title":"","ast-breadcrumbs-content":"","ast-featured-img":"","footer-sml-layout":"","ast-disable-related-posts":"","theme-transparent-header-meta":"default","adv-header-id-meta":"","stick-header-meta":"default","header-above-stick-meta":"","header-main-stick-meta":"","header-below-stick-meta":"","astra-migrate-meta-layouts":"set","ast-page-background-enabled":"default","ast-page-background-meta":{"desktop":{"background-color":"","background-image":"","background-repeat":"repeat","background-position":"center center","background-size":"auto","background-attachment":"scroll","background-type":"","background-media":"","overlay-type":"","overlay-color":"","overlay-opacity":"","overlay-gradient":""},"tablet":{"background-color":"","background-image":"","background-repeat":"repeat","background-position":"center center","background-size":"auto","background-attachment":"scroll","background-type":"","background-media":"","overlay-type":"","overlay-color":"","overlay-opacity":"","overlay-gradient":""},"mobile":{"background-color":"","background-image":"","background-repeat":"repeat","background-position":"center center","background-size":"auto","background-attachment":"scroll","background-type":"","background-media":"","overlay-type":"","overlay-color":"","overlay-opacity":"","overlay-gradient":""}},"ast-content-background-meta":{"desktop":{"background-color":"var(--ast-global-color-5)","background-image":"","background-repeat":"repeat","background-position":"center center","background-size":"auto","background-attachment":"scroll","background-type":"","background-media":"","overlay-type":"","overlay-color":"","overlay-opacity":"","overlay-gradient":""},"tablet":{"background-color":"var(--ast-global-color-5)","background-image":"","background-repeat":"repeat","background-position":"center center","background-size":"auto","background-attachment":"scroll","background-type":"","background-media":"","overlay-type":"","overlay-color":"","overlay-opacity":"","overlay-gradient":""},"mobile":{"background-color":"var(--ast-global-color-5)","background-image":"","background-repeat":"repeat","background-position":"center center","background-size":"auto","background-attachment":"scroll","background-type":"","background-media":"","overlay-type":"","overlay-color":"","overlay-opacity":"","overlay-gradient":""}}},"product_brand":[],"product_cat":[211,508,209],"product_tag":[],"class_list":{"0":"post-21141","1":"product","2":"type-product","3":"status-publish","4":"has-post-thumbnail","6":"product_cat-t-shirts","7":"product_cat-gift-ideas-for-hot-mamas","8":"product_cat-women","9":"desktop-align-left","10":"tablet-align-left","11":"mobile-align-left","12":"ast-product-gallery-layout-horizontal-slider","13":"ast-magnify-disabled","14":"ast-product-single-variable","15":"ast-product-tabs-layout-horizontal","17":"first","18":"instock","19":"taxable","20":"shipping-taxable","21":"purchasable","22":"product-type-variable"},"_links":{"self":[{"href":"https:\/\/www.blackgiraffe.ee\/en\/wp-json\/wp\/v2\/product\/21141","targetHints":{"allow":["GET"]}}],"collection":[{"href":"https:\/\/www.blackgiraffe.ee\/en\/wp-json\/wp\/v2\/product"}],"about":[{"href":"https:\/\/www.blackgiraffe.ee\/en\/wp-json\/wp\/v2\/types\/product"}],"replies":[{"embeddable":true,"href":"https:\/\/www.blackgiraffe.ee\/en\/wp-json\/wp\/v2\/comments?post=21141"}],"wp:featuredmedia":[{"embeddable":true,"href":"https:\/\/www.blackgiraffe.ee\/en\/wp-json\/wp\/v2\/media\/21162"}],"wp:attachment":[{"href":"https:\/\/www.blackgiraffe.ee\/en\/wp-json\/wp\/v2\/media?parent=21141"}],"wp:term":[{"taxonomy":"product_brand","embeddable":true,"href":"https:\/\/www.blackgiraffe.ee\/en\/wp-json\/wp\/v2\/product_brand?post=21141"},{"taxonomy":"product_cat","embeddable":true,"href":"https:\/\/www.blackgiraffe.ee\/en\/wp-json\/wp\/v2\/product_cat?post=21141"},{"taxonomy":"product_tag","embeddable":true,"href":"https:\/\/www.blackgiraffe.ee\/en\/wp-json\/wp\/v2\/product_tag?post=21141"}],"curies":[{"name":"wp","href":"https:\/\/api.w.org\/{rel}","templated":true}]}}