{"id":7639,"date":"2021-08-10T11:56:02","date_gmt":"2021-08-10T08:56:02","guid":{"rendered":"https:\/\/www.blackgiraffe.ee\/measurements-and-ordering-information\/"},"modified":"2021-08-10T12:01:53","modified_gmt":"2021-08-10T09:01:53","slug":"measurements-and-ordering-information","status":"publish","type":"page","link":"https:\/\/www.blackgiraffe.ee\/en\/measurements-and-ordering-information\/","title":{"rendered":"Measurements and ordering information"},"content":{"rendered":"\t\t<div data-elementor-type=\"wp-page\" data-elementor-id=\"7639\" class=\"elementor elementor-7639 elementor-7627\" data-elementor-post-type=\"page\">\n\t\t\t\t\t\t<section class=\"elementor-section elementor-top-section elementor-element elementor-element-23e5b73 elementor-section-boxed elementor-section-height-default elementor-section-height-default\" data-id=\"23e5b73\" data-element_type=\"section\" data-e-type=\"section\">\n\t\t\t\t\t\t<div class=\"elementor-container elementor-column-gap-default\">\n\t\t\t\t\t<div class=\"elementor-column elementor-col-50 elementor-top-column elementor-element elementor-element-4a8dac7\" data-id=\"4a8dac7\" data-element_type=\"column\" data-e-type=\"column\">\n\t\t\t<div class=\"elementor-widget-wrap elementor-element-populated\">\n\t\t\t\t\t\t<div class=\"elementor-element elementor-element-711e089 elementor-widget elementor-widget-image\" data-id=\"711e089\" data-element_type=\"widget\" data-e-type=\"widget\" data-widget_type=\"image.default\">\n\t\t\t\t<div class=\"elementor-widget-container\">\n\t\t\t\t\t\t\t\t\t\t\t\t\t\t\t<img fetchpriority=\"high\" decoding=\"async\" width=\"576\" height=\"1024\" src=\"https:\/\/www.blackgiraffe.ee\/wp-content\/uploads\/2021\/08\/T-sargi-moodud-oige-576x1024.jpg\" class=\"attachment-large size-large wp-image-7632\" alt=\"t-s\u00e4rkide m\u00f5\u00f5dutabel\" srcset=\"https:\/\/www.blackgiraffe.ee\/wp-content\/uploads\/2021\/08\/T-sargi-moodud-oige-576x1024.jpg 576w, https:\/\/www.blackgiraffe.ee\/wp-content\/uploads\/2021\/08\/T-sargi-moodud-oige-169x300.jpg 169w, https:\/\/www.blackgiraffe.ee\/wp-content\/uploads\/2021\/08\/T-sargi-moodud-oige-768x1365.jpg 768w, https:\/\/www.blackgiraffe.ee\/wp-content\/uploads\/2021\/08\/T-sargi-moodud-oige-864x1536.jpg 864w, https:\/\/www.blackgiraffe.ee\/wp-content\/uploads\/2021\/08\/T-sargi-moodud-oige-600x1067.jpg 600w, https:\/\/www.blackgiraffe.ee\/wp-content\/uploads\/2021\/08\/T-sargi-moodud-oige.jpg 1080w\" sizes=\"(max-width: 576px) 100vw, 576px\" title=\"\">\t\t\t\t\t\t\t\t\t\t\t\t\t\t\t<\/div>\n\t\t\t\t<\/div>\n\t\t\t\t\t<\/div>\n\t\t<\/div>\n\t\t\t\t<div class=\"elementor-column elementor-col-50 elementor-top-column elementor-element elementor-element-72a88e3\" data-id=\"72a88e3\" data-element_type=\"column\" data-e-type=\"column\">\n\t\t\t<div class=\"elementor-widget-wrap elementor-element-populated\">\n\t\t\t\t\t\t<div class=\"elementor-element elementor-element-f817c90 elementor-widget elementor-widget-image\" data-id=\"f817c90\" data-element_type=\"widget\" data-e-type=\"widget\" data-widget_type=\"image.default\">\n\t\t\t\t<div class=\"elementor-widget-container\">\n\t\t\t\t\t\t\t\t\t\t\t\t\t\t\t<img decoding=\"async\" width=\"576\" height=\"1024\" src=\"https:\/\/www.blackgiraffe.ee\/wp-content\/uploads\/2021\/08\/Hoodie-moodud-576x1024.jpg\" class=\"attachment-large size-large wp-image-7630\" alt=\"Pusa m\u00f5\u00f5dud, m\u00f5\u00f5dutabel\" srcset=\"https:\/\/www.blackgiraffe.ee\/wp-content\/uploads\/2021\/08\/Hoodie-moodud-576x1024.jpg 576w, https:\/\/www.blackgiraffe.ee\/wp-content\/uploads\/2021\/08\/Hoodie-moodud-169x300.jpg 169w, https:\/\/www.blackgiraffe.ee\/wp-content\/uploads\/2021\/08\/Hoodie-moodud-768x1365.jpg 768w, https:\/\/www.blackgiraffe.ee\/wp-content\/uploads\/2021\/08\/Hoodie-moodud-864x1536.jpg 864w, https:\/\/www.blackgiraffe.ee\/wp-content\/uploads\/2021\/08\/Hoodie-moodud-600x1067.jpg 600w, https:\/\/www.blackgiraffe.ee\/wp-content\/uploads\/2021\/08\/Hoodie-moodud.jpg 1080w\" sizes=\"(max-width: 576px) 100vw, 576px\" title=\"\">\t\t\t\t\t\t\t\t\t\t\t\t\t\t\t<\/div>\n\t\t\t\t<\/div>\n\t\t\t\t\t<\/div>\n\t\t<\/div>\n\t\t\t\t\t<\/div>\n\t\t<\/section>\n\t\t\t\t<section class=\"elementor-section elementor-top-section elementor-element elementor-element-58bb9a3 elementor-section-boxed elementor-section-height-default elementor-section-height-default\" data-id=\"58bb9a3\" data-element_type=\"section\" data-e-type=\"section\">\n\t\t\t\t\t\t<div class=\"elementor-container elementor-column-gap-default\">\n\t\t\t\t\t<div class=\"elementor-column elementor-col-100 elementor-top-column elementor-element elementor-element-cc35cac\" data-id=\"cc35cac\" data-element_type=\"column\" data-e-type=\"column\">\n\t\t\t<div class=\"elementor-widget-wrap elementor-element-populated\">\n\t\t\t\t\t\t<div class=\"elementor-element elementor-element-9ded921 elementor-widget elementor-widget-text-editor\" data-id=\"9ded921\" data-element_type=\"widget\" data-e-type=\"widget\" data-widget_type=\"text-editor.default\">\n\t\t\t\t<div class=\"elementor-widget-container\">\n\t\t\t\t\t\t\t\t\t<p>If you need some special message or quote on the back of you shirt, let me know about it. We do like to choose our own, just to surprise you a little, but if you ave your favourite one, write it on the comment section in your order.<\/p>\n<p>And please-please-please, let us know if your order will go to a woman or a man.<\/p>\n\t\t\t\t\t\t\t\t<\/div>\n\t\t\t\t<\/div>\n\t\t\t\t\t<\/div>\n\t\t<\/div>\n\t\t\t\t\t<\/div>\n\t\t<\/section>\n\t\t\t\t<\/div>\n\t\t","protected":false},"excerpt":{"rendered":"<p>If you need some special message or quote on the back of you shirt, let me know about it. We do like to choose our own, just to surprise you a little, but if you ave your favourite one, write it on the comment section in your order. And please-please-please, let us know if your [&hellip;]<\/p>\n","protected":false},"author":3,"featured_media":0,"parent":0,"menu_order":0,"comment_status":"closed","ping_status":"closed","template":"","meta":{"site-sidebar-layout":"no-sidebar","site-content-layout":"page-builder","ast-site-content-layout":"full-width-container","site-content-style":"unboxed","site-sidebar-style":"unboxed","ast-global-header-display":"","ast-banner-title-visibility":"","ast-main-header-display":"","ast-hfb-above-header-display":"","ast-hfb-below-header-display":"","ast-hfb-mobile-header-display":"","site-post-title":"disabled","ast-breadcrumbs-content":"","ast-featured-img":"disabled","footer-sml-layout":"","ast-disable-related-posts":"","theme-transparent-header-meta":"default","adv-header-id-meta":"","stick-header-meta":"default","header-above-stick-meta":"","header-main-stick-meta":"","header-below-stick-meta":"","astra-migrate-meta-layouts":"default","ast-page-background-enabled":"default","ast-page-background-meta":{"desktop":{"background-color":"","background-image":"","background-repeat":"repeat","background-position":"center center","background-size":"auto","background-attachment":"scroll","background-type":"","background-media":"","overlay-type":"","overlay-color":"","overlay-opacity":"","overlay-gradient":""},"tablet":{"background-color":"","background-image":"","background-repeat":"repeat","background-position":"center center","background-size":"auto","background-attachment":"scroll","background-type":"","background-media":"","overlay-type":"","overlay-color":"","overlay-opacity":"","overlay-gradient":""},"mobile":{"background-color":"","background-image":"","background-repeat":"repeat","background-position":"center center","background-size":"auto","background-attachment":"scroll","background-type":"","background-media":"","overlay-type":"","overlay-color":"","overlay-opacity":"","overlay-gradient":""}},"ast-content-background-meta":{"desktop":{"background-color":"var(--ast-global-color-5)","background-image":"","background-repeat":"repeat","background-position":"center center","background-size":"auto","background-attachment":"scroll","background-type":"","background-media":"","overlay-type":"","overlay-color":"","overlay-opacity":"","overlay-gradient":""},"tablet":{"background-color":"var(--ast-global-color-5)","background-image":"","background-repeat":"repeat","background-position":"center center","background-size":"auto","background-attachment":"scroll","background-type":"","background-media":"","overlay-type":"","overlay-color":"","overlay-opacity":"","overlay-gradient":""},"mobile":{"background-color":"var(--ast-global-color-5)","background-image":"","background-repeat":"repeat","background-position":"center center","background-size":"auto","background-attachment":"scroll","background-type":"","background-media":"","overlay-type":"","overlay-color":"","overlay-opacity":"","overlay-gradient":""}},"footnotes":""},"class_list":["post-7639","page","type-page","status-publish","hentry"],"_links":{"self":[{"href":"https:\/\/www.blackgiraffe.ee\/en\/wp-json\/wp\/v2\/pages\/7639","targetHints":{"allow":["GET"]}}],"collection":[{"href":"https:\/\/www.blackgiraffe.ee\/en\/wp-json\/wp\/v2\/pages"}],"about":[{"href":"https:\/\/www.blackgiraffe.ee\/en\/wp-json\/wp\/v2\/types\/page"}],"author":[{"embeddable":true,"href":"https:\/\/www.blackgiraffe.ee\/en\/wp-json\/wp\/v2\/users\/3"}],"replies":[{"embeddable":true,"href":"https:\/\/www.blackgiraffe.ee\/en\/wp-json\/wp\/v2\/comments?post=7639"}],"version-history":[{"count":1,"href":"https:\/\/www.blackgiraffe.ee\/en\/wp-json\/wp\/v2\/pages\/7639\/revisions"}],"predecessor-version":[{"id":7640,"href":"https:\/\/www.blackgiraffe.ee\/en\/wp-json\/wp\/v2\/pages\/7639\/revisions\/7640"}],"wp:attachment":[{"href":"https:\/\/www.blackgiraffe.ee\/en\/wp-json\/wp\/v2\/media?parent=7639"}],"curies":[{"name":"wp","href":"https:\/\/api.w.org\/{rel}","templated":true}]}}